{"id":2854,"date":"2012-05-20T05:19:07","date_gmt":"2012-05-20T03:19:07","guid":{"rendered":"http:\/\/cgtcatalunya.cat\/cgtvallesoriental\/?page_id=2854"},"modified":"2023-07-27T23:17:42","modified_gmt":"2023-07-27T21:17:42","slug":"contacto","status":"publish","type":"page","link":"https:\/\/cgtcatalunya.cat\/cgtvallesoriental\/contacto\/","title":{"rendered":"CONTACTE"},"content":{"rendered":"<h1><span style=\"color: #ff0000;\">FEDERACI\u00d3 COMARCAL DEL VALL\u00c8S ORIENTAL<\/span><\/h1>\n<h3>Ronda d&#8217;Orient 6, Mollet del Vall\u00e8s <em>(davant de l&#8217;estaci\u00f3 de tren Mollet-Sant Fost)<\/em><\/h3>\n<h3 style=\"text-align: center;\">Tel: 93 593 15 45 \/ 600 675 500 \/ 625 37 33 32<\/h3>\n<h4>E-mail: <a href=\"mailto:cgt.mollet.vo@gmail.com\">cgt.mollet.vo@gmail.com<\/a> \/ <a href=\"mailto:cgt.mollet.vo@gmail.com\" target=\"_blank\" rel=\"noopener noreferrer\">cgtvallesoriental@cgtcatalunya.cat<\/a><\/h4>\n<h4><a href=\"http:\/\/cgtcatalunya.cat\/cgtvallesoriental\/\" target=\"_blank\" rel=\"noopener noreferrer\">Web<\/a> \/ <a href=\"http:\/\/cgtcatalunya.cat\/cgtvallesoriental\/\">http:\/\/cgtcatalunya.cat\/cgtvallesoriental\/<\/a><\/h4>\n<h4><a href=\"https:\/\/www.facebook.com\/cgtvallesorient\">Facebook<\/a> \/ <a href=\"https:\/\/www.facebook.com\/cgtvallesorient\">https:\/\/www.facebook.com\/cgtvallesorient<\/a><\/h4>\n<h4><a href=\"https:\/\/twitter.com\/cgtvallesorient\" target=\"_blank\" rel=\"noopener noreferrer\">Twitter<\/a> \/ @CGTVALLESORIENT <a href=\"https:\/\/twitter.com\/cgtvallesorient\">https:\/\/twitter.com\/cgtvallesorient<\/a><\/h4>\n<h4>&nbsp;<\/h4>\n<h2><span style=\"color: #ff0000;\">SINDICAT D&#8217;IND\u00daSTRIES QU\u00cdMIQUES:<\/span><\/h2>\n<h4>e-mail: cgt.mollet.vo@gmail.com \/ cgtvallesoriental@cgtcatalunya.cat<\/h4>\n<p>&nbsp;<\/p>\n<h2><span style=\"color: #ff0000;\">SINDICAT D&#8217;ACTIVITATS DIVERSES:<\/span><\/h2>\n<h4>e-mail: cgt.mollet.vo@gmail.com \/ cgtvallesoriental@cgtcatalunya.cat<\/h4>\n<h4>&nbsp;<\/h4>\n<h4><span style=\"color: #ff0000;\"><strong>NUCLI D&#8217;ENSENYAMENT:<\/strong><\/span><\/h4>\n<h4>e-mail: vallesoriental.cgt.ensenyament@gmail.com<\/h4>\n<p>Twitter: @VallesOrCGTedu<\/p>\n<h4>&nbsp;<\/h4>\n<p>&nbsp;<\/p>\n<p>&nbsp;<\/p>\n<p>&nbsp;<\/p>\n","protected":false},"excerpt":{"rendered":"<p>FEDERACI\u00d3 COMARCAL DEL VALL\u00c8S ORIENTAL Ronda d&#8217;Orient 6, Mollet del Vall\u00e8s (davant de l&#8217;estaci\u00f3 de tren Mollet-Sant Fost) Tel: 93 593 15 45 \/ 600 675 500 \/ 625 37 33 32 E-mail: cgt.mollet.vo@gmail.com \/ cgtvallesoriental@cgtcatalunya.cat Web \/ http:\/\/cgtcatalunya.cat\/cgtvallesoriental\/ Facebook \/ https:\/\/www.facebook.com\/cgtvallesorient Twitter \/ @CGTVALLESORIENT https:\/\/twitter.com\/cgtvallesorient &nbsp; SINDICAT D&#8217;IND\u00daSTRIES QU\u00cdMIQUES: e-mail: cgt.mollet.vo@gmail.com \/ cgtvallesoriental@cgtcatalunya.cat &nbsp; <a href='https:\/\/cgtcatalunya.cat\/cgtvallesoriental\/contacto\/' class='excerpt-more'>[&#8230;]<\/a><\/p>\n","protected":false},"author":1,"featured_media":0,"parent":0,"menu_order":3,"comment_status":"closed","ping_status":"open","template":"","meta":{"ngg_post_thumbnail":0,"footnotes":""},"class_list":["post-2854","page","type-page","status-publish","hentry","post-seq-1","post-parity-odd","meta-position-corners","fix"],"jetpack-related-posts":[],"jetpack_sharing_enabled":true,"_links":{"self":[{"href":"https:\/\/cgtcatalunya.cat\/cgtvallesoriental\/wp-json\/wp\/v2\/pages\/2854","targetHints":{"allow":["GET"]}}],"collection":[{"href":"https:\/\/cgtcatalunya.cat\/cgtvallesoriental\/wp-json\/wp\/v2\/pages"}],"about":[{"href":"https:\/\/cgtcatalunya.cat\/cgtvallesoriental\/wp-json\/wp\/v2\/types\/page"}],"author":[{"embeddable":true,"href":"https:\/\/cgtcatalunya.cat\/cgtvallesoriental\/wp-json\/wp\/v2\/users\/1"}],"replies":[{"embeddable":true,"href":"https:\/\/cgtcatalunya.cat\/cgtvallesoriental\/wp-json\/wp\/v2\/comments?post=2854"}],"version-history":[{"count":25,"href":"https:\/\/cgtcatalunya.cat\/cgtvallesoriental\/wp-json\/wp\/v2\/pages\/2854\/revisions"}],"predecessor-version":[{"id":9783,"href":"https:\/\/cgtcatalunya.cat\/cgtvallesoriental\/wp-json\/wp\/v2\/pages\/2854\/revisions\/9783"}],"wp:attachment":[{"href":"https:\/\/cgtcatalunya.cat\/cgtvallesoriental\/wp-json\/wp\/v2\/media?parent=2854"}],"curies":[{"name":"wp","href":"https:\/\/api.w.org\/{rel}","templated":true}]}}