{"id":6753,"date":"2015-11-17T11:58:06","date_gmt":"2015-11-17T10:58:06","guid":{"rendered":"http:\/\/cgtcatalunya.cat\/cgtvallesoriental\/?page_id=6753"},"modified":"2017-06-23T11:04:31","modified_gmt":"2017-06-23T09:04:31","slug":"formacion","status":"publish","type":"page","link":"https:\/\/cgtcatalunya.cat\/cgtvallesoriental\/formacion\/","title":{"rendered":"Formaci\u00f3n"},"content":{"rendered":"<p>Con el fin de orientar la formaci\u00f3n a vuestras necesidades e inquietudes, lanzamos este formulario donde pod\u00e9is opinar sobre los cursillos que estuvieseis interasad@s en realizar. A su vez , si cre\u00e9is interesante realizar un cursillo que no est\u00e9 en la lista, hac\u00e9rnoslo llegar a trav\u00e9s de este formulario o bien al correo cgt.mollet.vo@gmail.com.<\/p>\n<p>Por otra parte dada la autogesti\u00f3n de la formaci\u00f3n, ser\u00eda interesante poder contar con aquell@s delegad@s que tengan conocimientos en alguna materia con el fin de compartirla con el resto de la afiliaci\u00f3n mediante un cursillo, charla, etc.<\/p>\n<p>Salud!<br \/>\nSecretar\u00eda de Formaci\u00f3n CGT VO<\/p>\n<p>Rellena estos datos, selecciona los cursillos que estar\u00edas interesado en realizar, y luego clica en \u00abenviar\u00bb:<\/p>\n<p><strong>&gt;&gt; Clica en este FORMULARIO:<\/strong>\u00a0<a href=\"https:\/\/docs.google.com\/forms\/d\/1TO4LHkO2dsW_vfUyRvBphveMsnX2WLhDL1wScNwvj-Y\/viewform?c=0&amp;w=1\" target=\"_blank\" rel=\"noopener noreferrer\"><strong>Opciones y propuestas de Formaci\u00f3n<\/strong><\/a><\/p>\n<p>&#8212;&#8212;&#8212;&#8212;&#8212;&#8212;&#8212;&#8212;&#8212;&#8212;&#8212;&#8212;&#8212;&#8212;&#8212;&#8212;&#8212;&#8212;&#8212;&#8212;&#8212;&#8212;&#8212;&#8212;&#8212;&#8212;&#8212;&#8212;&#8212;&#8211;<br \/>\n<a name=\"cursos\"><\/a><\/p>\n<h1 class=\"entry-title\">1. Cursos 2017<\/h1>\n<p>&#8212;&#8212;&#8212;&#8212;&#8212;&#8212;&#8212;&#8212;&#8212;&#8212;&#8212;&#8212;&#8212;&#8212;&#8212;&#8212;&#8212;&#8212;&#8212;&#8212;&#8212;&#8212;&#8212;&#8212;&#8212;&#8212;&#8212;&#8212;&#8212;&#8211;<br \/>\n<strong>Sesi\u00f3n formaci\u00f3n: Dudas Sindicales: preguntas e inquietudes,\u00a0 sobre la acci\u00f3n sindical colectiva en las empresas<\/strong><br \/>\n<span style=\"font-weight: 400;\">A cargo de Jessica Bolancel (\u00e1mbito jur\u00eddico), Demetrio Bermejo y Charo Luchena (acci\u00f3n sindical CGT)<\/span><br \/>\nMartes 27 de marzo a las 9:30 h<br \/>\nLa Marineta, Mollet del Vall\u00e8s<\/p>\n<p><!--\n\n\n<p style=\"font-size: 20px;\"><strong>Cursos planificados:<\/strong><\/p>\n\n\n\n\n\n<p style=\"font-size: 20px;\"><strong>Taller de autodefensa laboral<\/strong>\nFecha por concretar.\n\n--><\/p>\n<p>&#8212;&#8212;&#8212;&#8212;&#8212;&#8212;&#8212;&#8212;&#8212;&#8212;&#8212;&#8212;&#8212;&#8212;&#8212;&#8212;&#8212;&#8212;&#8212;&#8212;&#8212;&#8212;&#8212;&#8212;&#8212;&#8212;&#8212;&#8212;&#8212;&#8211;<br \/>\n<a name=\"cursosrealizados\"><\/a><\/p>\n<h1 class=\"entry-title\">2. Cursos realizados<\/h1>\n<hr \/>\n<p><strong>Formaci\u00f3n: \u00bfQu\u00e9 es la CGT? Se\u00f1as de identidad, estructura y funcionamiento org\u00e1nico<\/strong><br \/>\n<span style=\"font-weight: 400;\">A cargo de Deme (CGT Vall\u00e8s Oriental)<\/span><br \/>\nS\u00e1bado 18 de marzo 2017 a las 9:45 h<br \/>\nLa Marineta, Mollet del Vall\u00e8s<\/p>\n<p><strong>Curso b\u00e1sico sobre LibreOffice<\/strong><br \/>\nWrite:\u00a0s\u00e1bados 21 y 28 de noviembre 2016, de 10:00h a 13:00h,\u00a0en CGT VO, Mollet.<br \/>\nHoja de c\u00e1lculo:\u00a0s\u00e1bados 9 y 16 de enero de 2016,\u00a0de 10:00h a 13:00h,\u00a0en CGT VO, Mollet.<\/p>\n<p><strong><a href=\"http:\/\/cgtcatalunya.cat\/cgtvallesoriental\/wp-content\/uploads\/2015\/10\/SalutLaboralBasica_CGT-VO_petit.jpg\" rel=\"lightbox[6753]\"><img loading=\"lazy\" decoding=\"async\" class=\" wp-image-6723 alignright\" src=\"http:\/\/cgtcatalunya.cat\/cgtvallesoriental\/wp-content\/uploads\/2015\/10\/SalutLaboralBasica_CGT-VO_petit-212x300.jpg\" alt=\"SalutLaboralBasica_CGT-VO_petit\" width=\"71\" height=\"101\" srcset=\"https:\/\/cgtcatalunya.cat\/cgtvallesoriental\/wp-content\/uploads\/2015\/10\/SalutLaboralBasica_CGT-VO_petit-212x300.jpg 212w, https:\/\/cgtcatalunya.cat\/cgtvallesoriental\/wp-content\/uploads\/2015\/10\/SalutLaboralBasica_CGT-VO_petit-106x150.jpg 106w, https:\/\/cgtcatalunya.cat\/cgtvallesoriental\/wp-content\/uploads\/2015\/10\/SalutLaboralBasica_CGT-VO_petit-768x1087.jpg 768w, https:\/\/cgtcatalunya.cat\/cgtvallesoriental\/wp-content\/uploads\/2015\/10\/SalutLaboralBasica_CGT-VO_petit-724x1024.jpg 724w, https:\/\/cgtcatalunya.cat\/cgtvallesoriental\/wp-content\/uploads\/2015\/10\/SalutLaboralBasica_CGT-VO_petit.jpg 1000w\" sizes=\"auto, (max-width: 71px) 100vw, 71px\" \/><\/a><img loading=\"lazy\" decoding=\"async\" class=\" wp-image-7007 alignright\" src=\"http:\/\/cgtcatalunya.cat\/cgtvallesoriental\/wp-content\/uploads\/2016\/01\/IMG-20160113-WA0001-215x300.jpg\" alt=\"Salut laboral avan\u00e7ada\" width=\"70\" height=\"97\" srcset=\"https:\/\/cgtcatalunya.cat\/cgtvallesoriental\/wp-content\/uploads\/2016\/01\/IMG-20160113-WA0001-215x300.jpg 215w, https:\/\/cgtcatalunya.cat\/cgtvallesoriental\/wp-content\/uploads\/2016\/01\/IMG-20160113-WA0001-107x150.jpg 107w, https:\/\/cgtcatalunya.cat\/cgtvallesoriental\/wp-content\/uploads\/2016\/01\/IMG-20160113-WA0001-768x1074.jpg 768w, https:\/\/cgtcatalunya.cat\/cgtvallesoriental\/wp-content\/uploads\/2016\/01\/IMG-20160113-WA0001-733x1024.jpg 733w, https:\/\/cgtcatalunya.cat\/cgtvallesoriental\/wp-content\/uploads\/2016\/01\/IMG-20160113-WA0001.jpg 1008w\" sizes=\"auto, (max-width: 70px) 100vw, 70px\" \/>Curso de Salud Laboral avanzada<\/strong><br \/>\nA cargo de Marc \u00c0lvarez\u00a0(delegado de Prevenci\u00f3n\u00a0de CGT, en el Sincrotr\u00f3n, Alba de Cerdanyola)<br \/>\nmi\u00e9rcoles 20 de enero 2016, de 17h a 19h, en el local de CGT Vall\u00e8s Oriental.<\/p>\n<p><strong>Curso de Salud Laboral b\u00e1sica<\/strong><br \/>\nA cargo de \u00c0lex Tisminetzky (secretario de Salut Laboral de CGT Catalunya)<br \/>\nmartes 27 de octubre 2015, de 17h a 19h, en el local de CGT Vall\u00e8s Oriental.<\/p>\n<p>&nbsp;<\/p>\n","protected":false},"excerpt":{"rendered":"<p>Con el fin de orientar la formaci\u00f3n a vuestras necesidades e inquietudes, lanzamos este formulario donde pod\u00e9is opinar sobre los cursillos que estuvieseis interasad@s en realizar. A su vez , si cre\u00e9is interesante realizar un cursillo que no est\u00e9 en la lista, hac\u00e9rnoslo llegar a trav\u00e9s de este formulario o bien al correo cgt.mollet.vo@gmail.com. Por <a href='https:\/\/cgtcatalunya.cat\/cgtvallesoriental\/formacion\/' class='excerpt-more'>[&#8230;]<\/a><\/p>\n","protected":false},"author":1,"featured_media":0,"parent":0,"menu_order":0,"comment_status":"closed","ping_status":"open","template":"","meta":{"ngg_post_thumbnail":0,"footnotes":""},"class_list":["post-6753","page","type-page","status-publish","hentry","post-seq-1","post-parity-odd","meta-position-corners","fix"],"jetpack-related-posts":[],"jetpack_sharing_enabled":true,"_links":{"self":[{"href":"https:\/\/cgtcatalunya.cat\/cgtvallesoriental\/wp-json\/wp\/v2\/pages\/6753","targetHints":{"allow":["GET"]}}],"collection":[{"href":"https:\/\/cgtcatalunya.cat\/cgtvallesoriental\/wp-json\/wp\/v2\/pages"}],"about":[{"href":"https:\/\/cgtcatalunya.cat\/cgtvallesoriental\/wp-json\/wp\/v2\/types\/page"}],"author":[{"embeddable":true,"href":"https:\/\/cgtcatalunya.cat\/cgtvallesoriental\/wp-json\/wp\/v2\/users\/1"}],"replies":[{"embeddable":true,"href":"https:\/\/cgtcatalunya.cat\/cgtvallesoriental\/wp-json\/wp\/v2\/comments?post=6753"}],"version-history":[{"count":35,"href":"https:\/\/cgtcatalunya.cat\/cgtvallesoriental\/wp-json\/wp\/v2\/pages\/6753\/revisions"}],"predecessor-version":[{"id":8423,"href":"https:\/\/cgtcatalunya.cat\/cgtvallesoriental\/wp-json\/wp\/v2\/pages\/6753\/revisions\/8423"}],"wp:attachment":[{"href":"https:\/\/cgtcatalunya.cat\/cgtvallesoriental\/wp-json\/wp\/v2\/media?parent=6753"}],"curies":[{"name":"wp","href":"https:\/\/api.w.org\/{rel}","templated":true}]}}