{"id":523,"date":"2016-04-05T12:55:58","date_gmt":"2016-04-05T12:55:58","guid":{"rendered":"http:\/\/cgtcatalunya.cat\/uoc\/?page_id=523"},"modified":"2026-03-05T12:43:32","modified_gmt":"2026-03-05T12:43:32","slug":"enllacos-dinteres","status":"publish","type":"page","link":"https:\/\/cgtcatalunya.cat\/uoc\/enllacos-dinteres\/","title":{"rendered":"Links i conveni"},"content":{"rendered":"<h3 class=\"widget-title\">Convenis<\/h3>\n<ul>\n<li><a href=\"http:\/\/cgtcatalunya.cat\/uoc\/wp-content\/uploads\/2015\/06\/conveni_collectiu_fuoc.pdf\" target=\"_blank\" rel=\"noopener\">Conveni col\u00b7lectiu de la FUOC<\/a><\/li>\n<li><a href=\"https:\/\/www.boe.es\/biblioteca_juridica\/abrir_pdf.php?id=PUB-DT-2025-139\" target=\"_blank\" rel=\"noopener\">Estatut dels Treballadors<\/a> \u00a0<i>(.pdf)<\/i> [\u00faltima actualitzaci\u00f3 12\/2025]<\/li>\n<\/ul>\n<h3 class=\"widget-title\">Enlla\u00e7os CGT<\/h3>\n<ul>\n<li><a title=\"CGT Catalunya\" href=\"https:\/\/www.cgtcatalunya.cat\/\" target=\"_blank\" rel=\"noopener\">CGT Catalunya<\/a><\/li>\n<li><a title=\"Federaci\u00f3 d'Ensenyament de la CGT de Catalunya\" href=\"https:\/\/www.cgtensenyament.cat\/\" target=\"_blank\" rel=\"noopener\">Federaci\u00f3 d&#8217;Ensenyament de CGT Catalunya<\/a><\/li>\n<li><a href=\"https:\/\/revistacatalunya.cat\/\" target=\"_blank\" rel=\"noopener\">Revista Catalunya<\/a><\/li>\n<li><a href=\"https:\/\/www.cgtinformatica.org\/\" target=\"_blank\" rel=\"noopener\">CGT Inform\u00e0tica<\/a><\/li>\n<li><a title=\"Rojo y Negro es el vocero de la Confederaci\u00f3n General del Trabajo (CGT), una asociaci\u00f3n de trabajadores y trabajadoras anarcosindicalista, de clase, aut\u00f3noma, autogestionaria, federalista, internacionalista y libertaria.\" href=\"https:\/\/cgt.es\/info\/publicaciones\/rojo-y-negro\/\" target=\"_blank\" rel=\"noopener\">Rojo y Negro<\/a><\/li>\n<\/ul>\n<h3 class=\"widget-title\">CGT Universitats<\/h3>\n<ul>\n<li><a title=\"Secci\u00f3 sindical CGT Universitat Aut\u00f2noma de Barcelona\" href=\"http:\/\/cgtuab.wordpress.com\/\" target=\"_blank\" rel=\"noopener\">CGT UAB<\/a><\/li>\n<li><a title=\"Secci\u00f3 sindical CGT Universitat de Barcelona\" href=\"http:\/\/www.ub.edu\/cgt\/\" target=\"_blank\" rel=\"noopener\">CGT UB<\/a><\/li>\n<li><a title=\"Secci\u00f3 sindical CGT Universitat Polit\u00e8cnica de Catalunya (UPC)\" href=\"https:\/\/www.facebook.com\/CgtUpc\" target=\"_blank\" rel=\"noopener\">CGT UPC<\/a><\/li>\n<li><a href=\"https:\/\/twitter.com\/cgtenseponent\" target=\"_blank\" rel=\"noopener\">CGT UdL<\/a><\/li>\n<li><a title=\"CGT Universitat Rovira i Virgili\" href=\"https:\/\/twitter.com\/CgtUrv\" target=\"_blank\" rel=\"noopener\">CGT URV<\/a><\/li>\n<\/ul>\n<p><!--\/\/\n\n\n<h3 class=\"widget-title\">Comit\u00e8 d'empresa FUOC<\/h3>\n\n\n\n\n<ul>\n \t\n\n<li><a href=\"http:\/\/comiteeempresauoc.wordpress.com\/\" target=\"_blank\" rel=\"noopener\">Comit\u00e8 d'empresa FUOC<\/a>\n<span style=\"font-size: 11px;\">(blog abandonat i desinformat, amb notes del 2012... i resucitat al 2019 tot just abans de les eleccions sindicals)<\/span><\/li>\n\n\n<\/ul>\n\n\n--><\/p>\n<div class=\"sharing-default-minimal post-bottom\"><div class=\"nectar-social default\" data-position=\"\" data-rm-love=\"0\" data-color-override=\"override\"><div class=\"nectar-social-inner\"><a href=\"#\" class=\"nectar-love\" id=\"nectar-love-523\" title=\"Love this\"> <i class=\"icon-salient-heart-2\"><\/i><span class=\"love-text\">Love<\/span><span class=\"total_loves\"><span class=\"nectar-love-count\">0<\/span><\/span><\/a><a class='facebook-share nectar-sharing' href='#' title='Share this'> <i class='fa fa-facebook'><\/i> <span class='social-text'>Share<\/span> <\/a><a class='twitter-share nectar-sharing' href='#' title='Tweet this'> <i class='fa fa-twitter'><\/i> <span class='social-text'>Tweet<\/span> <\/a><\/div><\/div><\/div>","protected":false},"excerpt":{"rendered":"<p>Convenis Conveni col\u00b7lectiu de la FUOC Estatut dels Treballadors \u00a0(.pdf) [\u00faltima actualitzaci\u00f3 12\/2025] Enlla\u00e7os CGT CGT Catalunya Federaci\u00f3 d&#8217;Ensenyament de CGT Catalunya Revista Catalunya CGT Inform\u00e0tica Rojo y Negro CGT Universitats CGT UAB CGT&#46;&#46;&#46;<\/p>\n","protected":false},"author":1,"featured_media":0,"parent":0,"menu_order":5,"comment_status":"closed","ping_status":"closed","template":"","meta":{"footnotes":""},"class_list":["post-523","page","type-page","status-publish","hentry"],"_links":{"self":[{"href":"https:\/\/cgtcatalunya.cat\/uoc\/wp-json\/wp\/v2\/pages\/523","targetHints":{"allow":["GET"]}}],"collection":[{"href":"https:\/\/cgtcatalunya.cat\/uoc\/wp-json\/wp\/v2\/pages"}],"about":[{"href":"https:\/\/cgtcatalunya.cat\/uoc\/wp-json\/wp\/v2\/types\/page"}],"author":[{"embeddable":true,"href":"https:\/\/cgtcatalunya.cat\/uoc\/wp-json\/wp\/v2\/users\/1"}],"replies":[{"embeddable":true,"href":"https:\/\/cgtcatalunya.cat\/uoc\/wp-json\/wp\/v2\/comments?post=523"}],"version-history":[{"count":39,"href":"https:\/\/cgtcatalunya.cat\/uoc\/wp-json\/wp\/v2\/pages\/523\/revisions"}],"predecessor-version":[{"id":2804,"href":"https:\/\/cgtcatalunya.cat\/uoc\/wp-json\/wp\/v2\/pages\/523\/revisions\/2804"}],"wp:attachment":[{"href":"https:\/\/cgtcatalunya.cat\/uoc\/wp-json\/wp\/v2\/media?parent=523"}],"curies":[{"name":"wp","href":"https:\/\/api.w.org\/{rel}","templated":true}]}}